{"id":1109,"date":"2023-07-21T13:04:49","date_gmt":"2023-07-21T13:04:49","guid":{"rendered":"https:\/\/www.math.uni-leipzig.de\/~wpdidaktik\/wordpress\/?page_id=1109"},"modified":"2023-07-21T16:27:34","modified_gmt":"2023-07-21T16:27:34","slug":"pi-wing","status":"publish","type":"page","link":"https:\/\/www.math.uni-leipzig.de\/~wpdidaktik\/wordpress\/index.php\/unterrichtsmaterialien\/pi-wing\/","title":{"rendered":"Pi Wing"},"content":{"rendered":"\n<figure class=\"wp-block-image aligncenter size-large is-resized\"><img loading=\"lazy\" decoding=\"async\" src=\"https:\/\/www.math.uni-leipzig.de\/~wpdidaktik\/wordpress\/wp-content\/uploads\/2023\/07\/PiWingCover-803x1024.png\" alt=\"\" class=\"wp-image-1039\" width=\"374\" height=\"476\" srcset=\"https:\/\/www.math.uni-leipzig.de\/~wpdidaktik\/wordpress\/wp-content\/uploads\/2023\/07\/PiWingCover-803x1024.png 803w, https:\/\/www.math.uni-leipzig.de\/~wpdidaktik\/wordpress\/wp-content\/uploads\/2023\/07\/PiWingCover-235x300.png 235w, https:\/\/www.math.uni-leipzig.de\/~wpdidaktik\/wordpress\/wp-content\/uploads\/2023\/07\/PiWingCover-768x979.png 768w, https:\/\/www.math.uni-leipzig.de\/~wpdidaktik\/wordpress\/wp-content\/uploads\/2023\/07\/PiWingCover.png 968w\" sizes=\"(max-width: 374px) 100vw, 374px\" \/><\/figure>\n\n\n\n<p>PiWing ist ein \u00fcber GeoGebra erstelltes Lernspiel, in welchem die Sch\u00fclerinnen und Sch\u00fcler \u00fcber eine eingegebene Funktion die Flugbahn eines Raumschiffes bestimmen k\u00f6nnen. Hierbei m\u00fcssen diese versuchen, dass Schiff so zu navigieren, dass es Belohnungen einsammelt und Hinternissen ausweicht. Hiermit wird \u00fcber einen spielerischen Zugang vor allem der Umgang mit trigonometrischen Funktionen einge\u00fcbt.&nbsp; Die M\u00f6glichkeit, die verschiedenen Level mit oder ohne Belohnungen durchzuspielen und eine eingebaute Hilfefunktion, welche die Flugbahn des Raumschiffes bereits vor dem Abflug anzeigt, erm\u00f6glicht einen selbstdifferenzierenden Zugang.&nbsp; Die Sch\u00fclerinnen und Sch\u00fcler sollten mit dem allgemeinen trigonometrischen Funktionen und dem Einfluss der darin enthaltenen Parameter vertraut sein. F\u00fcr das Szenario sind etwa 20 Minuten einzuplanen, wobei eine anschlie\u00dfende Sicherungsphase, in welcher die verschiedenen L\u00f6sungen f\u00fcr die einzelnen Level diskutiert werden k\u00f6nnen, ebenfalls eingeplant werden sollte.<\/p>\n\n\n\n<h2 class=\"wp-block-heading\"><a href=\"https:\/\/cms.sachsen.schule\/digiteach\/teilprojekt-leipzig\/scenarien\/mathematik\/piwing\/webversion.html\">Web<\/a><\/h2>\n","protected":false},"excerpt":{"rendered":"<p>PiWing ist ein \u00fcber GeoGebra erstelltes Lernspiel, in welchem die Sch\u00fclerinnen und Sch\u00fcler \u00fcber eine eingegebene Funktion die Flugbahn eines Raumschiffes bestimmen k\u00f6nnen. Hierbei m\u00fcssen diese versuchen, dass Schiff so zu navigieren, dass es Belohnungen einsammelt und Hinternissen ausweicht. Hiermit wird \u00fcber einen spielerischen Zugang vor allem der Umgang mit trigonometrischen Funktionen einge\u00fcbt.&nbsp; Die M\u00f6glichkeit, [&hellip;]<\/p>\n","protected":false},"author":2,"featured_media":0,"parent":771,"menu_order":0,"comment_status":"closed","ping_status":"closed","template":"","meta":{"footnotes":""},"_links":{"self":[{"href":"https:\/\/www.math.uni-leipzig.de\/~wpdidaktik\/wordpress\/index.php\/wp-json\/wp\/v2\/pages\/1109"}],"collection":[{"href":"https:\/\/www.math.uni-leipzig.de\/~wpdidaktik\/wordpress\/index.php\/wp-json\/wp\/v2\/pages"}],"about":[{"href":"https:\/\/www.math.uni-leipzig.de\/~wpdidaktik\/wordpress\/index.php\/wp-json\/wp\/v2\/types\/page"}],"author":[{"embeddable":true,"href":"https:\/\/www.math.uni-leipzig.de\/~wpdidaktik\/wordpress\/index.php\/wp-json\/wp\/v2\/users\/2"}],"replies":[{"embeddable":true,"href":"https:\/\/www.math.uni-leipzig.de\/~wpdidaktik\/wordpress\/index.php\/wp-json\/wp\/v2\/comments?post=1109"}],"version-history":[{"count":4,"href":"https:\/\/www.math.uni-leipzig.de\/~wpdidaktik\/wordpress\/index.php\/wp-json\/wp\/v2\/pages\/1109\/revisions"}],"predecessor-version":[{"id":1186,"href":"https:\/\/www.math.uni-leipzig.de\/~wpdidaktik\/wordpress\/index.php\/wp-json\/wp\/v2\/pages\/1109\/revisions\/1186"}],"up":[{"embeddable":true,"href":"https:\/\/www.math.uni-leipzig.de\/~wpdidaktik\/wordpress\/index.php\/wp-json\/wp\/v2\/pages\/771"}],"wp:attachment":[{"href":"https:\/\/www.math.uni-leipzig.de\/~wpdidaktik\/wordpress\/index.php\/wp-json\/wp\/v2\/media?parent=1109"}],"curies":[{"name":"wp","href":"https:\/\/api.w.org\/{rel}","templated":true}]}}