{"id":1098,"date":"2023-07-21T12:59:09","date_gmt":"2023-07-21T12:59:09","guid":{"rendered":"https:\/\/www.math.uni-leipzig.de\/~wpdidaktik\/wordpress\/?page_id=1098"},"modified":"2023-07-21T16:30:33","modified_gmt":"2023-07-21T16:30:33","slug":"x-bert","status":"publish","type":"page","link":"https:\/\/www.math.uni-leipzig.de\/~wpdidaktik\/wordpress\/index.php\/unterrichtsmaterialien\/x-bert\/","title":{"rendered":"X-Bert"},"content":{"rendered":"\n<figure class=\"wp-block-image aligncenter size-large is-resized\"><img loading=\"lazy\" decoding=\"async\" src=\"https:\/\/www.math.uni-leipzig.de\/~wpdidaktik\/wordpress\/wp-content\/uploads\/2023\/07\/XBertCover-2-803x1024.png\" alt=\"\" class=\"wp-image-1041\" width=\"291\" height=\"371\" srcset=\"https:\/\/www.math.uni-leipzig.de\/~wpdidaktik\/wordpress\/wp-content\/uploads\/2023\/07\/XBertCover-2-803x1024.png 803w, https:\/\/www.math.uni-leipzig.de\/~wpdidaktik\/wordpress\/wp-content\/uploads\/2023\/07\/XBertCover-2-235x300.png 235w, https:\/\/www.math.uni-leipzig.de\/~wpdidaktik\/wordpress\/wp-content\/uploads\/2023\/07\/XBertCover-2-768x979.png 768w, https:\/\/www.math.uni-leipzig.de\/~wpdidaktik\/wordpress\/wp-content\/uploads\/2023\/07\/XBertCover-2.png 968w\" sizes=\"(max-width: 291px) 100vw, 291px\" \/><\/figure>\n\n\n\n<p>Die App beinhaltet ein mathematisches Lernspiel, welches explizit f\u00fcr den Einsatz im Mathematikunterricht der 7. Klasse entwickelt wurde. Im Spiel steuern die Sch\u00fcler:innen einen fiktiven Charakter namens X-Bert durch eine Welt voller Zahlen. Ziel des Spiels ist es, X-Bert dabei zu helfen, den ultimativen Snack zu finden. In bekannter Pac-Man-Manier sammeln die Sch\u00fcler:innen in insgesamt 42 verschiedenen Labyrinthen, die darin verstreuten Zahlen ein. Diese werden, je nachdem, ob sich X-Bert auf einem gr\u00fcnen oder roten Feld befindet, zu einem Gesamtwert addiert oder subtrahiert. Ziel ist es dabei, durch das geschickte Einsammeln der Zahlen einen vorgegebenen Termwert zu erreichen. Spielerisch l\u00f6sen die Sch\u00fcler:innen somit mathematische Problemsituationen und k\u00f6nnen intuitiv Rechengesetze und Eigenschaften rationaler Zahlen entdecken, ein\u00fcben und \u00fcber diese reflektieren. Das Spiel f\u00f6rdert dabei vor allem das vorausschauende Denken, das begr\u00fcndete Treffen von Entscheidungen sowie das Kopfrechnen. Sch\u00fcler:innen m\u00fcssen so erkennen, welche Zahlen sie weiterbringen und welche Wege sie zur Erreichung des Ziels gehen m\u00fcssen. Durch besondere Gegenst\u00e4nde und Felder, wie beispielsweise Portale, Laufb\u00e4nder und Schalter bietet das Spiel dabei einen hohen Grad an Abwechslung und ein breites Spektrum an vielseitigen Problemsituationen. Durch die M\u00f6glichkeit, jedes Level jederzeit neu zu beginnen, wird das Erkunden und Ausprobieren im Spiel besonders gef\u00f6rdert.<\/p>\n\n\n\n<p>Im Spiel gilt es f\u00fcr die Spieler:innen \u00fcber 80 Sterne zu sammeln und 20 Charaktere freizuschalten. Hierbei finden gleichzeitig starke Lernende eine Herausforderung und leistungsschw\u00e4chere Sch\u00fcler:innen einen interessanten Zugang zur Thematik der rationalen Zahlen.<\/p>\n\n\n\n<h2 class=\"wp-block-heading\"><a href=\"https:\/\/apps.apple.com\/us\/app\/x-bert\/id6450861061\">IOS<\/a><\/h2>\n\n\n\n<h2 class=\"wp-block-heading\"><a href=\"https:\/\/cms.sachsen.schule\/digiteach\/teilprojekt-leipzig\/scenarien\/x-bert\/webversion.html\">Web<\/a><\/h2>\n\n\n\n<h2 class=\"wp-block-heading\"><a href=\"https:\/\/cms.sachsen.schule\/fileadmin\/_special\/gruppen\/1049\/Leipzig\/Szenarien\/XBert\/Android\/X-Bert.apk\">Android<\/a><\/h2>\n\n\n\n<h2 class=\"wp-block-heading\"><a href=\"https:\/\/cms.sachsen.schule\/fileadmin\/_special\/gruppen\/1049\/Leipzig\/Szenarien\/XBert\/Windows\/X-Bert_Setup.exe\">Windows<\/a><\/h2>\n\n\n\n<h2 class=\"wp-block-heading\"><a href=\"https:\/\/cms.sachsen.schule\/fileadmin\/_special\/gruppen\/1049\/Leipzig\/Szenarien\/Materialien\/Arbeitsmaterialien_und_Aufgaben_X-Bert.zip\">Material<\/a><\/h2>\n\n\n\n<h2 class=\"wp-block-heading\"><a href=\"https:\/\/cms.sachsen.schule\/fileadmin\/_special\/gruppen\/1049\/Leipzig\/Szenarien\/Materialien\/Handreichung_und_Einsatzplanung_X-Bert.zip\">Handreichung<\/a><\/h2>\n","protected":false},"excerpt":{"rendered":"<p>Die App beinhaltet ein mathematisches Lernspiel, welches explizit f\u00fcr den Einsatz im Mathematikunterricht der 7. Klasse entwickelt wurde. Im Spiel steuern die Sch\u00fcler:innen einen fiktiven Charakter namens X-Bert durch eine Welt voller Zahlen. Ziel des Spiels ist es, X-Bert dabei zu helfen, den ultimativen Snack zu finden. In bekannter Pac-Man-Manier sammeln die Sch\u00fcler:innen in insgesamt [&hellip;]<\/p>\n","protected":false},"author":2,"featured_media":0,"parent":771,"menu_order":0,"comment_status":"closed","ping_status":"closed","template":"","meta":{"footnotes":""},"_links":{"self":[{"href":"https:\/\/www.math.uni-leipzig.de\/~wpdidaktik\/wordpress\/index.php\/wp-json\/wp\/v2\/pages\/1098"}],"collection":[{"href":"https:\/\/www.math.uni-leipzig.de\/~wpdidaktik\/wordpress\/index.php\/wp-json\/wp\/v2\/pages"}],"about":[{"href":"https:\/\/www.math.uni-leipzig.de\/~wpdidaktik\/wordpress\/index.php\/wp-json\/wp\/v2\/types\/page"}],"author":[{"embeddable":true,"href":"https:\/\/www.math.uni-leipzig.de\/~wpdidaktik\/wordpress\/index.php\/wp-json\/wp\/v2\/users\/2"}],"replies":[{"embeddable":true,"href":"https:\/\/www.math.uni-leipzig.de\/~wpdidaktik\/wordpress\/index.php\/wp-json\/wp\/v2\/comments?post=1098"}],"version-history":[{"count":9,"href":"https:\/\/www.math.uni-leipzig.de\/~wpdidaktik\/wordpress\/index.php\/wp-json\/wp\/v2\/pages\/1098\/revisions"}],"predecessor-version":[{"id":1190,"href":"https:\/\/www.math.uni-leipzig.de\/~wpdidaktik\/wordpress\/index.php\/wp-json\/wp\/v2\/pages\/1098\/revisions\/1190"}],"up":[{"embeddable":true,"href":"https:\/\/www.math.uni-leipzig.de\/~wpdidaktik\/wordpress\/index.php\/wp-json\/wp\/v2\/pages\/771"}],"wp:attachment":[{"href":"https:\/\/www.math.uni-leipzig.de\/~wpdidaktik\/wordpress\/index.php\/wp-json\/wp\/v2\/media?parent=1098"}],"curies":[{"name":"wp","href":"https:\/\/api.w.org\/{rel}","templated":true}]}}