{"id":3575,"date":"2023-09-04T21:07:22","date_gmt":"2023-09-04T19:07:22","guid":{"rendered":"https:\/\/www.math.uni-leipzig.de\/fachschaft\/?page_id=3575"},"modified":"2025-09-28T19:55:16","modified_gmt":"2025-09-28T17:55:16","slug":"erstifahrt-2023","status":"publish","type":"page","link":"https:\/\/www.math.uni-leipzig.de\/fachschaft\/erstifahrt-2023\/","title":{"rendered":"Erstifahrt 2025"},"content":{"rendered":"\n<p>&#8230;.nach <strong>Oberau<\/strong> bei Mei\u00dfen<\/p>\n<ul>\n<li><strong>Wann?<\/strong> 17.-19.10.25<\/li>\n<li><strong>Wohin?<\/strong> Seminarhaus Schloss Oberau bei Mei\u00dfen<\/li>\n<li><strong>Wer?<\/strong> alle Studienanf\u00e4nger des Bachelor oder Lehramt Mathe<\/li>\n<li><strong>Teilnahmegeb\u00fchr:<\/strong> 35\u20ac<\/li>\n<li><strong>Anmeldebeginn:\u00a0<\/strong>ab sofort<\/li>\n<li><strong>Anmeldestopp:<\/strong> wenn alle Pl\u00e4tze weg sind oder am 13.10.<\/li>\n<\/ul>\n<p>Wir fahren mit euch auf<strong><em> Erstifahrt<\/em><\/strong>! An diesem Wochenende habt ihr die Gelegenheit, eure Kommilitonen auch au\u00dferhalb des Mathe-H\u00f6rsaals besser kennenzulernen und neue Freundschaften zu kn\u00fcpfen. Studieren macht alleine einfach keinen Spa\u00df und daher wollen wir euch dabei helfen, euch untereinander besser kennenzulernen. Dabei k\u00f6nnt ihr nach zwei Wochen des erfolgreichen Studierens nochmal f\u00fcr ein paar Tage abschalten und nicht an Mathe denken. Stattdessen werden wir grillen, einen Ausflug nach Mei\u00dfen machen, abends bei dem ein oder anderen Getr\u00e4nk gem\u00fctlich beisammensitzen, Spiele spielen, und so weiter! Eine Erstifahrt ist fast wie eine Klassenfahrt \u2013 nur ohne Lehrer!<\/p>\n<p>\u00a0<\/p>\n<p><strong>Alles Wichtige zum Ablauf:<\/strong><\/p>\n<p>Wir starten Freitag nachmittag am Hauptbahnhof und fahren mit dem Zug nach Oberau. Samstag machen wir einen Ausflug nach Mei\u00dfen, wobei ihr entweder die Porzellanmanufaktur besichtigen oder eine F\u00fchrung in der Schwerter Brauerei mach k\u00f6nnt. Abends wird gegrillt und Sonntag geht es dann nach Leipzig zur\u00fcck, wo wir etwa 12 Uhr wieder ankommen.<\/p>\n<p>Alle genaueren Infos zum Ablauf erhaltet ihr rechtzeitig vorher per Mail :).<\/p>\n<p>\u00a0<\/p>\n<p><a href=\"https:\/\/forms.gle\/Wwnq1cytJU31CsJ8A\">Hier geht es zur Anmeldung!<\/a> Beachtet, dass die<em><strong> Anzahl der Pl\u00e4tze <\/strong><\/em>begrenzt ist.<\/p>\n<p>\u00a0<\/p>\n<p>Wir m\u00f6chten, dass jeder die M\u00f6glichkeit hat, an unserer Erstifahrt teilzunehmen!<br \/>Wenn das Budget gerade knapp ist, z\u00f6gert nicht, euch bei uns zu melden. Wir sind offen f\u00fcr einen Solipreis \u2013 gemeinsam finden wir eine L\u00f6sung, damit niemand ausgeschlossen wird.<br \/>Eure Teilnahme ist uns wichtig, und wir freuen uns, wenn wir gemeinsam eine tolle Zeit erleben k\u00f6nnen!<\/p>\n<p><strong>Bei weiteren Fragen schreibt uns einfach eine Mail an <a href=\"mailto:fachschaft@math.uni-leipzig.de\">fachschaft@math.uni-leipzig.de<\/a><\/strong><\/p>\n","protected":false},"excerpt":{"rendered":"<p>&#8230;.nach Oberau bei Mei\u00dfen Wann? 17.-19.10.25 Wohin? Seminarhaus Schloss Oberau bei Mei\u00dfen Wer? alle Studienanf\u00e4nger des Bachelor oder Lehramt Mathe Teilnahmegeb\u00fchr: 35\u20ac Anmeldebeginn:\u00a0ab sofort Anmeldestopp: wenn alle Pl\u00e4tze weg sind oder am 13.10. Wir fahren mit euch auf Erstifahrt! An diesem Wochenende habt ihr die Gelegenheit, eure Kommilitonen auch au\u00dferhalb des Mathe-H\u00f6rsaals besser kennenzulernen und &#8230; <a title=\"Erstifahrt 2025\" class=\"read-more\" href=\"https:\/\/www.math.uni-leipzig.de\/fachschaft\/erstifahrt-2023\/\" aria-label=\"Mehr Informationen \u00fcber Erstifahrt 2025\">Weiterlesen<\/a><\/p>\n","protected":false},"author":1657,"featured_media":0,"parent":0,"menu_order":0,"comment_status":"closed","ping_status":"closed","template":"","meta":{"footnotes":""},"class_list":["post-3575","page","type-page","status-publish"],"_links":{"self":[{"href":"https:\/\/www.math.uni-leipzig.de\/fachschaft\/wp-json\/wp\/v2\/pages\/3575","targetHints":{"allow":["GET"]}}],"collection":[{"href":"https:\/\/www.math.uni-leipzig.de\/fachschaft\/wp-json\/wp\/v2\/pages"}],"about":[{"href":"https:\/\/www.math.uni-leipzig.de\/fachschaft\/wp-json\/wp\/v2\/types\/page"}],"author":[{"embeddable":true,"href":"https:\/\/www.math.uni-leipzig.de\/fachschaft\/wp-json\/wp\/v2\/users\/1657"}],"replies":[{"embeddable":true,"href":"https:\/\/www.math.uni-leipzig.de\/fachschaft\/wp-json\/wp\/v2\/comments?post=3575"}],"version-history":[{"count":16,"href":"https:\/\/www.math.uni-leipzig.de\/fachschaft\/wp-json\/wp\/v2\/pages\/3575\/revisions"}],"predecessor-version":[{"id":3933,"href":"https:\/\/www.math.uni-leipzig.de\/fachschaft\/wp-json\/wp\/v2\/pages\/3575\/revisions\/3933"}],"wp:attachment":[{"href":"https:\/\/www.math.uni-leipzig.de\/fachschaft\/wp-json\/wp\/v2\/media?parent=3575"}],"curies":[{"name":"wp","href":"https:\/\/api.w.org\/{rel}","templated":true}]}}