{"id":3446,"date":"2023-04-19T21:16:04","date_gmt":"2023-04-19T19:16:04","guid":{"rendered":"https:\/\/www.math.uni-leipzig.de\/fachschaft\/?page_id=3446"},"modified":"2023-04-19T21:16:04","modified_gmt":"2023-04-19T19:16:04","slug":"skripte","status":"publish","type":"page","link":"https:\/\/www.math.uni-leipzig.de\/fachschaft\/skripte\/","title":{"rendered":"Skripte"},"content":{"rendered":"\n<ul>\n<li><strong>Stochastik<\/strong>\n<ul>\n<li><a href=\"http:\/\/www.math.uni-leipzig.de\/fachschaft\/alt\/dateien\/skripte\/WT-koenig.pdf\">Wahrscheinlichkeitstheorie I und II &#8211; K\u00f6nig<\/a><\/li>\n<li><a href=\"http:\/\/www.math.uni-leipzig.de\/fachschaft\/alt\/dateien\/skripte\/WT-Kirstein.pdf\">Wahrscheinlichkeitstheorie I und II &#8211; Kirstein (unvollst\u00e4ndig)<\/a><\/li>\n<li><a href=\"http:\/\/www.math.uni-leipzig.de\/fachschaft\/alt\/dateien\/skripte\/Stochastik-kirstein.pdf\">Stochastik &#8211; Kirstein<\/a><\/li>\n<li><a href=\"http:\/\/www.math.uni-leipzig.de\/fachschaft\/alt\/dateien\/skripte\/StPrI-koenig.pdf\">Stochastische Prozesse I &#8211; K\u00f6nig<\/a><\/li>\n<li><a href=\"http:\/\/www.math.uni-leipzig.de\/fachschaft\/alt\/dateien\/skripte\/StPrII-koenig.pdf\">Stochastische Prozesse II &#8211; K\u00f6nig<\/a><\/li>\n<li><a href=\"http:\/\/www.math.uni-leipzig.de\/fachschaft\/alt\/dateien\/skripte\/ElemWT-koenig.pdf\">Elementare Wahrscheinlichkeitstheorie und Statistik -K\u00f6nig<\/a><\/li>\n<li><a href=\"http:\/\/www.math.uni-leipzig.de\/fachschaft\/alt\/dateien\/skripte\/AlgStoch-koenig.pdf\">Stochastische Algorihmen &#8211; K\u00f6nig<\/a><\/li>\n<\/ul>\n<\/li>\n<li><strong>Ma\u00df und Integrationstheorie<\/strong>\n<ul>\n<li><a href=\"http:\/\/www.math.uni-leipzig.de\/fachschaft\/alt\/dateien\/skripte\/MIT-koenig.pdf\">K\u00f6nig<\/a><\/li>\n<\/ul>\n<\/li>\n<li><strong>Gew\u00f6hnliche Differentialgleichungen<\/strong>\n<ul>\n<li><a href=\"http:\/\/www.math.uni-leipzig.de\/fachschaft\/alt\/dateien\/skripte\/ODELecNot-koenig.pdf\">Ordinary Differential Equations for Physiscs -K\u00f6nig<\/a><\/li>\n<\/ul>\n<\/li>\n<li><strong>Sonstiges<\/strong>\n<ul>\n<li><a href=\"http:\/\/www.math.uni-leipzig.de\/fachschaft\/alt\/dateien\/skripte\/fa1-schmuedgen.pdf\">Funktionalanalysis1 &#8211; Schmuedgen<\/a><\/li>\n<li><a href=\"http:\/\/www.math.uni-leipzig.de\/fachschaft\/alt\/dateien\/skripte\/numerik1-fuer-mathematiker-kunkel.pdf\">Numerik 1 f\u00fcr Mathematiker &#8211; Kunkel<\/a><\/li>\n<li><a href=\"http:\/\/www.math.uni-leipzig.de\/fachschaft\/alt\/dateien\/skripte\/GA-koenig.pdf\">Gro\u00dfe Abweichungen, Techniken und Anwenungen &#8211; K\u00f6nig<\/a><\/li>\n<\/ul>\n<\/li>\n<\/ul>\n\n\n","protected":false},"excerpt":{"rendered":"<p>Stochastik Wahrscheinlichkeitstheorie I und II &#8211; K\u00f6nig Wahrscheinlichkeitstheorie I und II &#8211; Kirstein (unvollst\u00e4ndig) Stochastik &#8211; Kirstein Stochastische Prozesse I &#8211; K\u00f6nig Stochastische Prozesse II &#8211; K\u00f6nig Elementare Wahrscheinlichkeitstheorie und Statistik -K\u00f6nig Stochastische Algorihmen &#8211; K\u00f6nig Ma\u00df und Integrationstheorie K\u00f6nig Gew\u00f6hnliche Differentialgleichungen Ordinary Differential Equations for Physiscs -K\u00f6nig Sonstiges Funktionalanalysis1 &#8211; Schmuedgen Numerik 1 f\u00fcr &#8230; <a title=\"Skripte\" class=\"read-more\" href=\"https:\/\/www.math.uni-leipzig.de\/fachschaft\/skripte\/\" aria-label=\"Mehr Informationen \u00fcber Skripte\">Weiterlesen<\/a><\/p>\n","protected":false},"author":1660,"featured_media":0,"parent":0,"menu_order":0,"comment_status":"closed","ping_status":"closed","template":"","meta":{"footnotes":""},"class_list":["post-3446","page","type-page","status-publish"],"_links":{"self":[{"href":"https:\/\/www.math.uni-leipzig.de\/fachschaft\/wp-json\/wp\/v2\/pages\/3446","targetHints":{"allow":["GET"]}}],"collection":[{"href":"https:\/\/www.math.uni-leipzig.de\/fachschaft\/wp-json\/wp\/v2\/pages"}],"about":[{"href":"https:\/\/www.math.uni-leipzig.de\/fachschaft\/wp-json\/wp\/v2\/types\/page"}],"author":[{"embeddable":true,"href":"https:\/\/www.math.uni-leipzig.de\/fachschaft\/wp-json\/wp\/v2\/users\/1660"}],"replies":[{"embeddable":true,"href":"https:\/\/www.math.uni-leipzig.de\/fachschaft\/wp-json\/wp\/v2\/comments?post=3446"}],"version-history":[{"count":1,"href":"https:\/\/www.math.uni-leipzig.de\/fachschaft\/wp-json\/wp\/v2\/pages\/3446\/revisions"}],"predecessor-version":[{"id":3447,"href":"https:\/\/www.math.uni-leipzig.de\/fachschaft\/wp-json\/wp\/v2\/pages\/3446\/revisions\/3447"}],"wp:attachment":[{"href":"https:\/\/www.math.uni-leipzig.de\/fachschaft\/wp-json\/wp\/v2\/media?parent=3446"}],"curies":[{"name":"wp","href":"https:\/\/api.w.org\/{rel}","templated":true}]}}