{"id":3118,"date":"2020-12-06T01:41:00","date_gmt":"2020-12-06T00:41:00","guid":{"rendered":"https:\/\/www.math.uni-leipzig.de\/fachschaft\/?page_id=3118"},"modified":"2025-05-24T08:33:19","modified_gmt":"2025-05-24T06:33:19","slug":"kandidierende","status":"publish","type":"page","link":"https:\/\/www.math.uni-leipzig.de\/fachschaft\/kandidierende\/","title":{"rendered":"Kandidierende zur FSR-Wahl"},"content":{"rendered":"\n<h2 class=\"wp-block-heading\"><\/h2>\n\n\n\n<style type=\"text\/css\">\n  .clearfix {\n    clear: both;\n  }\n  .single-staff {\n    margin-bottom: 20px;\n  }\n  .single-staff .photo {\n    float: left;\n    margin-right: 15px;\n  }\n  .single-staff .photo img {\n    max-width: 150px;\n    height: auto;\n  }\n  .single-staff h3 {\n\tfont-weight: bold;\n    margin-bottom: 8px;\n  }\n  .single-staff .study-info {\n    margin-bottom: 10px;\n\tfont-style: italic;\n  }\n  .single-staff .bio {\n    margin-bottom: 8px;\n  }\n<\/style>\n<div id=\"staff-directory-wrapper\">\n\n    \n\n        <div class=\"single-staff\">\n\t\t\t<h3>Lydia Kedzierski<\/h3>\n            <div class=\"photo\"><img decoding=\"async\" src=\"https:\/\/www.math.uni-leipzig.de\/fachschaft\/wp-content\/uploads\/2023\/05\/Lydia-150x150.jpg\" \/><\/div>\n            <div class=\"study-info\">\n                Lehramt Mathematik<\/br>\n\t\t\t\tWS 2021\/22\n            <\/div>\n            <div class=\"bio\">\n                <p>Hey, ich bin Lydia und studiere seit 2021 Lehramt f\u00fcr die allersch\u00f6nsten F\u00e4cher: Mathe und Physik. Dabei hab ich schnell gemerkt, dass das Mathestudium sehr \u00fcberfordernd sein kann und nicht selten stelle ich mir noch immer die Frage: Wozu nochmal brauch ich das als Lehrerin?? (Gar nicht, ist meistens die Antwort.) Wenn ich nicht gerade irgendwelche \u00dcbungszettel goo... \u00e4h selbst l\u00f6se, bin ich sehr gern mit Freunden am See, im Park oder bei Spieleabenden.\r\nIm FSR bin ich mittlerweile seit 3 Jahren und damit mit Elisa schon am l\u00e4ngsten dabei. Haupts\u00e4chlich k\u00fcmmere ich mich um die Organisation der Sitzungen und Veranstaltungen wie z.B. in der Erstiwoche oder die Weihnachtsvorlesung. Au\u00dferdem plane ich die Erstifahrten und bin momentan auch f\u00fcr so spannende Sachen wie Wahl-Werbung machen zust\u00e4ndig.\r\n\r\nWenn ihr Fragen, Anregungen oder Sorgen habt, k\u00f6nnt ihr euch gern jederzeit an mich wenden \ud83d\ude42 - per Mail oder wenn ihr mich in der Uni seht.<\/p>\n            <\/div>\n            <div class=\"clearfix\"><\/div>\n        <\/div>\n\n    \n\n        <div class=\"single-staff\">\n\t\t\t<h3>Esteban Rivas Grajales<\/h3>\n            <div class=\"photo\"><img decoding=\"async\" src=\"https:\/\/www.math.uni-leipzig.de\/fachschaft\/wp-content\/uploads\/2023\/06\/Esteban-150x150.jpg\" \/><\/div>\n            <div class=\"study-info\">\n                Diplom Mathematik<\/br>\n\t\t\t\tWS 2018\/19\n            <\/div>\n            <div class=\"bio\">\n                <p>Moin, ich bin Esteban und seit 2017 an der Uni. Ich bin seit den WS23\/24 Mitglied im FSR, wo ich mich haupts\u00e4chlich f\u00fcr die Unterst\u00fctzung verzweifelter Studierender einsetze. Deswegen biete ich seit Dezember eine \"Sprechstunde f\u00fcr Studis\", die ggf. nicht klar kommen oder etwas Hilfe bei einem mathehaltigen Problem brauchen.<\/p>\n            <\/div>\n            <div class=\"clearfix\"><\/div>\n        <\/div>\n\n    \n\n        <div class=\"single-staff\">\n\t\t\t<h3>Sebastian Wegener<\/h3>\n            <div class=\"photo\"><img decoding=\"async\" src=\"https:\/\/www.math.uni-leipzig.de\/fachschaft\/wp-content\/uploads\/2023\/06\/photo_2024-05-25_10-09-47-150x150.jpg\" \/><\/div>\n            <div class=\"study-info\">\n                Diplom Wirtschaftsmathematik<\/br>\n\t\t\t\tWS 2018\/19\n            <\/div>\n            <div class=\"bio\">\n                <p>Hey, ich bin Sebastian und studiere nun seit ganzen 12 Semestern Wirtschaftsmathematik. Bereits im letzten Jahr war ich im FSR t\u00e4tig und habe gemeinsam mit Elisa daf\u00fcr gesorgt, dass die Zeitung \"Klopapier\" wieder publiziert wird, damit niemandem auf Toilette langweilig werden muss. Daneben helfe ich immer flei\u00dfig mit, unterschiedliche Veranstaltungen, wie etwa die monatlichen Spieleabende oder aktuell das bevorstehende Sommerfest zu organisieren. All diesen Aufgaben w\u00fcrde ich gerne auch im n\u00e4chsten Jahr nachgehen.<\/p>\n            <\/div>\n            <div class=\"clearfix\"><\/div>\n        <\/div>\n\n    \n\n        <div class=\"single-staff\">\n\t\t\t<h3>Kristina Witt<\/h3>\n            <div class=\"photo\"><img decoding=\"async\" src=\"https:\/\/www.math.uni-leipzig.de\/fachschaft\/wp-content\/uploads\/2024\/05\/kristina-150x150.jpg\" \/><\/div>\n            <div class=\"study-info\">\n                Lehramt Oberschule Mathe\/Geschichte<\/br>\n\t\t\t\tWS 2021\/22\n            <\/div>\n            <div class=\"bio\">\n                <p>Hi, ich bin Kristina \ud83d\ude42 Ich studiere seit 2021 Mathe und Geschichte im Lehramt Oberschule.\r\nSeit letztem Jahr engagiere ich mich im Fachschaftsrat und k\u00fcmmere mich dort vor allem um die Finanzen, damit wir coole Veranstaltungen und Angebote f\u00fcr euch auf die Beine stellen k\u00f6nnen. Besonders am Herzen liegen mir unsere Spieleabende, die eine willkommene Auszeit vom Studienalltag bieten.\r\nAuch in Zukunft m\u00f6chte ich mich daf\u00fcr einsetzen und freue mich \u00fcber eure Ideen, um gemeinsam noch mehr tolle Aktionen umzusetzen.\r\n\r\n&nbsp;<\/p>\n            <\/div>\n            <div class=\"clearfix\"><\/div>\n        <\/div>\n\n    \n\n        <div class=\"single-staff\">\n\t\t\t<h3>Alina Netzel<\/h3>\n            <div class=\"photo\"><img decoding=\"async\" src=\"https:\/\/www.math.uni-leipzig.de\/fachschaft\/wp-content\/uploads\/2024\/05\/alina-150x150.jpg\" \/><\/div>\n            <div class=\"study-info\">\n                Lehramt Oberschule Mathe\/Englisch<\/br>\n\t\t\t\tWS 2021\/22\n            <\/div>\n            <div class=\"bio\">\n                <p>Moin, ich bin Alina und studiere seit 2020 Lehramt an Oberschulen. Seit 2021 geh\u00f6rt Mathe zu meinen F\u00e4chern. Im FSR k\u00fcmmere ich mich gerade um die Finanzen und bin meistens die Person, die eure Fragen in der WhatsApp-Community beantwortet. Ich helfe gerne weiter, wenn etwas unklar ist, und finde es wichtig, dass man im Studium nicht komplett allein dasteht. Deshalb mag ich auch Aktionen wie die Ersti-Woche besonders gern.<\/p>\n            <\/div>\n            <div class=\"clearfix\"><\/div>\n        <\/div>\n\n    \n\n        <div class=\"single-staff\">\n\t\t\t<h3>Merrit Redlich<\/h3>\n            <div class=\"photo\"><\/div>\n            <div class=\"study-info\">\n                Lehramt Oberschule Mathe<\/br>\n\t\t\t\tWS 2023\/24\n            <\/div>\n            <div class=\"bio\">\n                <p>Halloo, ich bin Merrit und studiere im zweiten Semester Lehramt Mathe.\r\nIch habe Bock Angebote mit zu planen und f\u00fcr die Student*innen da zu sein. Besonders wichtig ist es mir aber, dass im FSR Leute sind, auf die ihr in der Not zukommen k\u00f6nnt (und vielleicht bin ich ja diese Person f\u00fcr dich :))\r\nAuf jeden Fall werde ich immer helfen, wenn du mal dein Fahrrad am Sonntag im Fahrradkeller stehen gelassen hast und jemanden brauchst, der es dir rausholt.\r\n\r\n&nbsp;<\/p>\n            <\/div>\n            <div class=\"clearfix\"><\/div>\n        <\/div>\n\n    \n\n        <div class=\"single-staff\">\n\t\t\t<h3>Rudolf Braun<\/h3>\n            <div class=\"photo\"><img decoding=\"async\" src=\"https:\/\/www.math.uni-leipzig.de\/fachschaft\/wp-content\/uploads\/2024\/05\/photo_2024-05-27_15-09-55-150x150.jpg\" \/><\/div>\n            <div class=\"study-info\">\n                Bachelor Mathematik<\/br>\n\t\t\t\tWS 2023\/24\n            <\/div>\n            <div class=\"bio\">\n                <p>Heyo, ich bin Rudolf :), seit zwei Jahren an der Uni in Leipzig und fast genauso lange in FSR-Arbeit involviert. Anfangs noch als kooptiertes Mitglied (ohne Stimmrecht, aber motiviert) und seit der vorigen Wahl ganz offiziell. In der Zeit habe ich habe ich oft Diskussionen mit meiner Erfahrung bereichert (ungefragt meinen Senf dazugegeben) und relevante FSR-Arbeit unterst\u00fctzt\u00a0 (Lydia gelobt, nachdem sie die eigentliche Arbeit gemacht hat). Wenn ich nicht gerade diesen wichtigen Aufgaben im Hintergrund nachgehe, bin ich bei den vielen coolen Vernstaltungen des FSR dabei, damit sie stattfinden k\u00f6nnen (das mach ich wirklich). Ob beim Unispieleabend, Gl\u00fchweinverkauf vor der Weihnachtsvorlesung oder auf Erstifahrt, freue ich mich unsere Studienzeit etwas bunter und sch\u00f6ner mitzugestalten \ud83d\ude42\r\n\r\n&nbsp;<\/p>\n            <\/div>\n            <div class=\"clearfix\"><\/div>\n        <\/div>\n\n    \n\n        <div class=\"single-staff\">\n\t\t\t<h3>Marie Holzwarth<\/h3>\n            <div class=\"photo\"><img decoding=\"async\" src=\"https:\/\/www.math.uni-leipzig.de\/fachschaft\/wp-content\/uploads\/2025\/05\/0d34cf7d-7b23-4519-8a29-49f36b59e5d5-150x150.jpg\" \/><\/div>\n            <div class=\"study-info\">\n                Bachelor Mathematik<\/br>\n\t\t\t\tWS 2024\/25\n            <\/div>\n            <div class=\"bio\">\n                <p>Hellu, ich bin Marie und studiere im zweiten Semester Mathematik-Bachelor. Mir ist wichtig, dass ihr Studis untereinander vernetzt seid und dass ihr euch alle wohl f\u00fchlt. Solltet ihr mal Unterst\u00fctzung brauchen hab ich immer ein offenes Ohr. Au\u00dferdem hab ich Lust coole Events zu organisieren und euch damit das Studium ein wenig zu vers\u00fc\u00dfen:)<\/p>\n            <\/div>\n            <div class=\"clearfix\"><\/div>\n        <\/div>\n\n    \n\n        <div class=\"single-staff\">\n\t\t\t<h3>Marvin Randig<\/h3>\n            <div class=\"photo\"><\/div>\n            <div class=\"study-info\">\n                Diplom Mathematik<\/br>\n\t\t\t\tWS 2019\/20\n            <\/div>\n            <div class=\"bio\">\n                <p><\/p>\n            <\/div>\n            <div class=\"clearfix\"><\/div>\n        <\/div>\n\n    \n\n        <div class=\"single-staff\">\n\t\t\t<h3>Lennart Jaretzki<\/h3>\n            <div class=\"photo\"><\/div>\n            <div class=\"study-info\">\n                Bachelor Mathematik<\/br>\n\t\t\t\t\n            <\/div>\n            <div class=\"bio\">\n                <p><\/p>\n            <\/div>\n            <div class=\"clearfix\"><\/div>\n        <\/div>\n\n    \n\n<\/div>\n\n","protected":false},"excerpt":{"rendered":"","protected":false},"author":1660,"featured_media":0,"parent":0,"menu_order":0,"comment_status":"closed","ping_status":"closed","template":"","meta":{"footnotes":""},"class_list":["post-3118","page","type-page","status-publish","hentry"],"_links":{"self":[{"href":"https:\/\/www.math.uni-leipzig.de\/fachschaft\/wp-json\/wp\/v2\/pages\/3118","targetHints":{"allow":["GET"]}}],"collection":[{"href":"https:\/\/www.math.uni-leipzig.de\/fachschaft\/wp-json\/wp\/v2\/pages"}],"about":[{"href":"https:\/\/www.math.uni-leipzig.de\/fachschaft\/wp-json\/wp\/v2\/types\/page"}],"author":[{"embeddable":true,"href":"https:\/\/www.math.uni-leipzig.de\/fachschaft\/wp-json\/wp\/v2\/users\/1660"}],"replies":[{"embeddable":true,"href":"https:\/\/www.math.uni-leipzig.de\/fachschaft\/wp-json\/wp\/v2\/comments?post=3118"}],"version-history":[{"count":12,"href":"https:\/\/www.math.uni-leipzig.de\/fachschaft\/wp-json\/wp\/v2\/pages\/3118\/revisions"}],"predecessor-version":[{"id":3909,"href":"https:\/\/www.math.uni-leipzig.de\/fachschaft\/wp-json\/wp\/v2\/pages\/3118\/revisions\/3909"}],"wp:attachment":[{"href":"https:\/\/www.math.uni-leipzig.de\/fachschaft\/wp-json\/wp\/v2\/media?parent=3118"}],"curies":[{"name":"wp","href":"https:\/\/api.w.org\/{rel}","templated":true}]}}