{"id":2827,"date":"2019-07-04T14:50:00","date_gmt":"2019-07-04T12:50:00","guid":{"rendered":"https:\/\/www.math.uni-leipzig.de\/fachschaft\/?page_id=2827"},"modified":"2024-08-07T16:16:35","modified_gmt":"2024-08-07T14:16:35","slug":"klopapier","status":"publish","type":"page","link":"https:\/\/www.math.uni-leipzig.de\/fachschaft\/klopapier\/","title":{"rendered":"Klopapier"},"content":{"rendered":"<p>Hier findet ihr die bisherigen Ausgaben des Klopapiers.<br \/>Das Klopapier ist eine ungef\u00e4hr monatlich erscheinende Fachschaftszeitung, die wir auf den Toiletten der Fakult\u00e4t f\u00fcr Mathematik und Informatik aush\u00e4ngen. Wir informieren \u00fcber unsere aktuellen Veranstaltungen, erkl\u00e4ren universit\u00e4re Gremien und unterhalten durch R\u00e4tsel und Cartoons.<\/p>\n<p><strong>Aktuelle Ausgaben<\/strong><\/p>\n<p><a href=\"https:\/\/www.math.uni-leipzig.de\/fachschaft\/wp-content\/uploads\/2024\/08\/Klopapier-Ferienausgabe.pdf\">Klopapier Ausgabe 23<\/a><\/p>\n<p><a href=\"https:\/\/www.math.uni-leipzig.de\/fachschaft\/wp-content\/uploads\/2024\/08\/Klopapier-24_5.pdf\">Klopapier Ausgabe 22<\/a><\/p>\n<p><a href=\"https:\/\/www.math.uni-leipzig.de\/fachschaft\/wp-content\/uploads\/2024\/08\/Klopapier-24_4.pdf\">Klopapier Ausgabe 21<\/a><\/p>\n<p><a href=\"https:\/\/www.math.uni-leipzig.de\/fachschaft\/wp-content\/uploads\/2024\/08\/Klopapier-24_3.pdf\">Klopapier Ausgabe 20<\/a><\/p>\n<p><a href=\"https:\/\/www.math.uni-leipzig.de\/fachschaft\/wp-content\/uploads\/2024\/04\/KlopapierSoSe24_2.pdf\">Klopapier Ausgabe 19<\/a><\/p>\n<p><a href=\"https:\/\/www.math.uni-leipzig.de\/fachschaft\/wp-content\/uploads\/2024\/04\/Klopapier-SoSe24_1.pdf\">Klopapier Ausgabe 18<\/a><\/p>\n<p><a href=\"https:\/\/www.math.uni-leipzig.de\/fachschaft\/wp-content\/uploads\/2024\/01\/Das-Klopapier-1.pdf\">Klopapier Ausgabe 17<\/a><\/p>\n<p><a href=\"https:\/\/www.math.uni-leipzig.de\/fachschaft\/wp-content\/uploads\/2024\/01\/Das-Klopapier-Ausgabe-5.pdf\">Klopapier Ausgabe 16<\/a><\/p>\n<p><a href=\"https:\/\/www.math.uni-leipzig.de\/fachschaft\/wp-content\/uploads\/2023\/12\/Das-Klopapier_4.pdf\">Klopapier Ausgabe 15<\/a><\/p>\n<p><a href=\"https:\/\/www.math.uni-leipzig.de\/fachschaft\/wp-content\/uploads\/2023\/12\/Das-Klopapier_3.pdf\">Klopapier Ausgabe 14<\/a><\/p>\n<p><a href=\"https:\/\/www.math.uni-leipzig.de\/fachschaft\/wp-content\/uploads\/2023\/12\/Das-Klopapier_2.pdf\">Klopapier Ausgabe 13<\/a><\/p>\n<p><a href=\"https:\/\/www.math.uni-leipzig.de\/fachschaft\/wp-content\/uploads\/2023\/10\/Klopapier-23_24.pdf\">Klopapier Ausgabe 12<\/a><\/p>\n<p><strong>Oldies<\/strong><\/p>\n<p><a href=\"https:\/\/www.math.uni-leipzig.de\/fachschaft\/wp-content\/uploads\/2020\/12\/klopapier_11.pdf\">Klopapier Ausgabe 11<\/a><\/p>\n<p><a href=\"https:\/\/www.math.uni-leipzig.de\/fachschaft\/wp-content\/uploads\/2020\/11\/klopapier_10.pdf\">Klopapier Ausgabe 10<\/a><\/p>\n<p><a href=\"https:\/\/www.math.uni-leipzig.de\/fachschaft\/wp-content\/uploads\/2020\/11\/klopapier_9.pdf\">Klopapier Ausgabe 9<\/a><\/p>\n<p><a href=\"https:\/\/www.math.uni-leipzig.de\/fachschaft\/wp-content\/uploads\/2020\/11\/klopapier_8.pdf\">Klopapier Ausgabe 8<\/a><\/p>\n<p><a href=\"https:\/\/www.math.uni-leipzig.de\/fachschaft\/wp-content\/uploads\/2019\/11\/klopapier-7.pdf\">Klopapier Ausgabe 7<\/a><\/p>\n<p><a href=\"https:\/\/www.math.uni-leipzig.de\/fachschaft\/wp-content\/uploads\/2019\/10\/Klopapier-Ausgabe-6.pdf\">Klopapier Ausgabe 6<\/a><\/p>\n<p><a href=\"https:\/\/www.math.uni-leipzig.de\/fachschaft\/wp-content\/uploads\/2019\/10\/Klopapier-Ausgabe-5.pdf\">Klopapier Ausgabe 5<\/a><\/p>\n<p><a href=\"https:\/\/www.math.uni-leipzig.de\/fachschaft\/wp-content\/uploads\/2019\/07\/Klopapier-Ausgabe-4.pdf\">Klopapier Ausgabe 4<\/a><\/p>\n<p><a href=\"https:\/\/www.math.uni-leipzig.de\/fachschaft\/wp-content\/uploads\/2019\/07\/Klopapier-Ausgabe-3.pdf\">Klopapier Ausgabe 3<\/a><\/p>\n<p><a href=\"https:\/\/www.math.uni-leipzig.de\/fachschaft\/wp-content\/uploads\/2019\/07\/Klopapier-Ausgabe-2.pdf\">Klopapier Ausgabe 2<\/a><\/p>\n<p><a href=\"https:\/\/www.math.uni-leipzig.de\/fachschaft\/wp-content\/uploads\/2019\/07\/Klopapier-Ausgabe-1.pdf\">Klopapier Ausgabe 1<\/a><\/p>\n\n","protected":false},"excerpt":{"rendered":"<p>Hier findet ihr die bisherigen Ausgaben des Klopapiers.Das Klopapier ist eine ungef\u00e4hr monatlich erscheinende Fachschaftszeitung, die wir auf den Toiletten der Fakult\u00e4t f\u00fcr Mathematik und Informatik aush\u00e4ngen. Wir informieren \u00fcber unsere aktuellen Veranstaltungen, erkl\u00e4ren universit\u00e4re Gremien und unterhalten durch R\u00e4tsel und Cartoons. Aktuelle Ausgaben Klopapier Ausgabe 23 Klopapier Ausgabe 22 Klopapier Ausgabe 21 Klopapier Ausgabe &#8230; <a title=\"Klopapier\" class=\"read-more\" href=\"https:\/\/www.math.uni-leipzig.de\/fachschaft\/klopapier\/\" aria-label=\"Mehr Informationen \u00fcber Klopapier\">Weiterlesen<\/a><\/p>\n","protected":false},"author":1660,"featured_media":0,"parent":0,"menu_order":0,"comment_status":"closed","ping_status":"closed","template":"","meta":{"footnotes":""},"class_list":["post-2827","page","type-page","status-publish"],"_links":{"self":[{"href":"https:\/\/www.math.uni-leipzig.de\/fachschaft\/wp-json\/wp\/v2\/pages\/2827","targetHints":{"allow":["GET"]}}],"collection":[{"href":"https:\/\/www.math.uni-leipzig.de\/fachschaft\/wp-json\/wp\/v2\/pages"}],"about":[{"href":"https:\/\/www.math.uni-leipzig.de\/fachschaft\/wp-json\/wp\/v2\/types\/page"}],"author":[{"embeddable":true,"href":"https:\/\/www.math.uni-leipzig.de\/fachschaft\/wp-json\/wp\/v2\/users\/1660"}],"replies":[{"embeddable":true,"href":"https:\/\/www.math.uni-leipzig.de\/fachschaft\/wp-json\/wp\/v2\/comments?post=2827"}],"version-history":[{"count":25,"href":"https:\/\/www.math.uni-leipzig.de\/fachschaft\/wp-json\/wp\/v2\/pages\/2827\/revisions"}],"predecessor-version":[{"id":3823,"href":"https:\/\/www.math.uni-leipzig.de\/fachschaft\/wp-json\/wp\/v2\/pages\/2827\/revisions\/3823"}],"wp:attachment":[{"href":"https:\/\/www.math.uni-leipzig.de\/fachschaft\/wp-json\/wp\/v2\/media?parent=2827"}],"curies":[{"name":"wp","href":"https:\/\/api.w.org\/{rel}","templated":true}]}}