{"id":2616,"date":"2019-04-18T13:04:33","date_gmt":"2019-04-18T11:04:33","guid":{"rendered":"http:\/\/www.math.uni-leipzig.de\/fachschaft\/?page_id=2616"},"modified":"2024-09-24T22:31:10","modified_gmt":"2024-09-24T20:31:10","slug":"pruefungsprotokolle","status":"publish","type":"page","link":"https:\/\/www.math.uni-leipzig.de\/fachschaft\/pruefungsprotokolle\/","title":{"rendered":"Pr\u00fcfungsprotokolle"},"content":{"rendered":"<p>Du hast gerade deine Diplom-\/Vordiplomspr\u00fcfung abgelegt? Dann schreib doch ein Ged\u00e4chtnisprotokoll zum Pr\u00fcfungsverlauf um zuk\u00fcnftigen Studierenden die M\u00f6glichkeit zu geben sich besser auf ihre Pr\u00fcfungen vorbereiten zu k\u00f6nnen.<\/p>\n<p>Hier gibt es eine Vorlage dazu, diese bitte mit PC ausf\u00fcllen (am besten nicht am Tablet) : <a href=\"https:\/\/www.math.uni-leipzig.de\/fachschaft\/wp-content\/uploads\/Pr\u00fcfungsprotokolle\/Pr\u00fcfungsprotokoll_Formular.pdf\" target=\"_blank\" rel=\"noopener\">Vorlage<br \/>\n<\/a><\/p>\n<p>Das ausgef\u00fcllte Protokoll kannst du uns einfach per Mail senden oder es in unseren Briefkasten im Postraum (5. Etage, Augusteum) werfen. Vielen Dank schon mal!<\/p>\n<h3>Download<\/h3>\n<p>Die gesammelten und sortierten Pr\u00fcfungsprotokolle findest du hier:<\/p>\n<p><strong>Pr\u00fcfungsprotokolle Diplompr\u00fcfungen:<\/strong><\/p>\n<p><a href=\"https:\/\/www.math.uni-leipzig.de\/fachschaft\/wp-content\/uploads\/2024\/03\/Diplompruefungen1-1.pdf\">Dokument 1<\/a>, <a href=\"https:\/\/www.math.uni-leipzig.de\/fachschaft\/wp-content\/uploads\/2024\/03\/Diplompruefungen2-1.pdf\">Dokument 2<\/a>, <a href=\"https:\/\/www.math.uni-leipzig.de\/fachschaft\/wp-content\/uploads\/2024\/03\/Diplompruefungen3-1.pdf\">Dokument 3<\/a>, <a href=\"https:\/\/www.math.uni-leipzig.de\/fachschaft\/wp-content\/uploads\/2024\/09\/Diplompruefungen-Dokument-4.pdf\">Dokument 4<\/a><\/p>\n<p><strong>Pr\u00fcfungsprotokolle Vordiplompr\u00fcfungen:<\/strong><\/p>\n<p><a href=\"https:\/\/www.math.uni-leipzig.de\/fachschaft\/wp-content\/uploads\/2024\/04\/Vordiplom-Ana-GDG.pdf\">Pr\u00fcfungsprotokolle Vordiplom Analysis + GDG<\/a><br \/>\n<a href=\"https:\/\/www.math.uni-leipzig.de\/fachschaft\/wp-content\/uploads\/2024\/03\/Vordiplom-LinA-Algebra-1.pdf\">Pr\u00fcfungsprotokolle Vordiplom LinA + Algebra<\/a><br \/>\n<a href=\"https:\/\/www.math.uni-leipzig.de\/fachschaft\/wp-content\/uploads\/2024\/03\/Vordiplom-Mass-WT-1.pdf\">Pr\u00fcfungsprotokolle Vordiplom Ma\u00df + WT<\/a><\/p>\n<p>Die Dokumente sind mit einem Passwort versehen, welches du \u00fcber fachschaft[at]math.uni-leipzig.de anfordern kannst. Bitte gib das Passwort nicht weiter und verschicke es nicht \u00fcber Social Media oder in Messengern. Die aktuellen Dokumente gibt es stets auf dieser Website. Verweise also gern hierauf, wenn du nach den Protokollen gefragt wirst.<\/p>\n<h3><\/h3>\n","protected":false},"excerpt":{"rendered":"<p>Du hast gerade deine Diplom-\/Vordiplomspr\u00fcfung abgelegt? Dann schreib doch ein Ged\u00e4chtnisprotokoll zum Pr\u00fcfungsverlauf um zuk\u00fcnftigen Studierenden die M\u00f6glichkeit zu geben sich besser auf ihre Pr\u00fcfungen vorbereiten zu k\u00f6nnen. Hier gibt es eine Vorlage dazu, diese bitte mit PC ausf\u00fcllen (am besten nicht am Tablet) : Vorlage Das ausgef\u00fcllte Protokoll kannst du uns einfach per Mail &#8230; <a title=\"Pr\u00fcfungsprotokolle\" class=\"read-more\" href=\"https:\/\/www.math.uni-leipzig.de\/fachschaft\/pruefungsprotokolle\/\" aria-label=\"Mehr Informationen \u00fcber Pr\u00fcfungsprotokolle\">Weiterlesen<\/a><\/p>\n","protected":false},"author":1660,"featured_media":0,"parent":0,"menu_order":0,"comment_status":"closed","ping_status":"closed","template":"","meta":{"footnotes":""},"class_list":["post-2616","page","type-page","status-publish"],"_links":{"self":[{"href":"https:\/\/www.math.uni-leipzig.de\/fachschaft\/wp-json\/wp\/v2\/pages\/2616","targetHints":{"allow":["GET"]}}],"collection":[{"href":"https:\/\/www.math.uni-leipzig.de\/fachschaft\/wp-json\/wp\/v2\/pages"}],"about":[{"href":"https:\/\/www.math.uni-leipzig.de\/fachschaft\/wp-json\/wp\/v2\/types\/page"}],"author":[{"embeddable":true,"href":"https:\/\/www.math.uni-leipzig.de\/fachschaft\/wp-json\/wp\/v2\/users\/1660"}],"replies":[{"embeddable":true,"href":"https:\/\/www.math.uni-leipzig.de\/fachschaft\/wp-json\/wp\/v2\/comments?post=2616"}],"version-history":[{"count":34,"href":"https:\/\/www.math.uni-leipzig.de\/fachschaft\/wp-json\/wp\/v2\/pages\/2616\/revisions"}],"predecessor-version":[{"id":3894,"href":"https:\/\/www.math.uni-leipzig.de\/fachschaft\/wp-json\/wp\/v2\/pages\/2616\/revisions\/3894"}],"wp:attachment":[{"href":"https:\/\/www.math.uni-leipzig.de\/fachschaft\/wp-json\/wp\/v2\/media?parent=2616"}],"curies":[{"name":"wp","href":"https:\/\/api.w.org\/{rel}","templated":true}]}}