{"id":1971,"date":"2016-05-22T16:39:24","date_gmt":"2016-05-22T14:39:24","guid":{"rendered":"http:\/\/www.math.uni-leipzig.de\/fachschaft\/?page_id=1971"},"modified":"2025-05-24T08:36:05","modified_gmt":"2025-05-24T06:36:05","slug":"wahlen","status":"publish","type":"page","link":"https:\/\/www.math.uni-leipzig.de\/fachschaft\/kandidierende\/wahlen\/","title":{"rendered":"Wahlen"},"content":{"rendered":"<p class=\"_aacl _aaco _aacu _aacx _aad7 _aade\" dir=\"auto\" style=\"text-align: left;\">Vom<strong> 17.-24. Juni<\/strong> werden im Rahmen der studentischen Wahlen wieder die Fachschaftsr\u00e4te sowie das Referat Ausl\u00e4ndischer Studierender gew\u00e4hlt.<\/p>\n<p dir=\"auto\">\n<p dir=\"auto\">Wo?\u00a0 \u00a0 \u00a0 \u00a0 \u00a0 \u00a0 \u00a0 \u00a0 \u00a0 \u00a0 \u00a0 \u00a0 \u00a0 \u00a0 \u00a0 \u00a0 \u00a0 \u00a0 \u00a0 \u00a0 \u00a0 \u00a0 \u00a0 \u00a0 \u00a0 \u00a0 \u00a0 \u00a0Online \u00fcber die Plattform POLYAS &#8211; die Zugangsdaten und weitere Infos erhaltet ihr rechtzeitig per Mail.<\/p>\n<p dir=\"auto\">Wer w\u00e4hlt?\u00a0\u00a0\u00a0\u00a0\u00a0\u00a0\u00a0\u00a0\u00a0\u00a0\u00a0\u00a0\u00a0\u00a0\u00a0\u00a0\u00a0\u00a0\u00a0\u00a0\u00a0\u00a0\u00a0\u00a0\u00a0\u00a0\u00a0 \u00a0 \u00a0 \u00a0 \u00a0 \u00a0 \u00a0 \u00a0\u00a0 W\u00e4hlen k\u00f6nnen <strong>alle Mathematikstudierenden<\/strong> und <strong>Lehr\u00e4mtlerInnen mit Mathematik als 1. Kernfach<\/strong>.<\/p>\n<p dir=\"auto\">\u00a0\u00a0\u00a0\u00a0\u00a0\u00a0\u00a0\u00a0\u00a0\u00a0\u00a0\u00a0\u00a0\u00a0\u00a0\u00a0\u00a0\u00a0\u00a0\u00a0\u00a0\u00a0\u00a0\u00a0\u00a0\u00a0\u00a0\u00a0\u00a0\u00a0\u00a0\u00a0\u00a0\u00a0\u00a0\u00a0\u00a0\u00a0\u00a0\u00a0\u00a0\u00a0\u00a0\u00a0\u00a0\u00a0\u00a0\u00a0\u00a0\u00a0\u00a0\u00a0\u00a0\u00a0\u00a0\u00a0\u00a0\u00a0\u00a0\u00a0\u00a0\u00a0 Ausl\u00e4ndische Studierenden k\u00f6nnen au\u00dferdem die Vertretung f\u00fcr das <strong>Referat ausl\u00e4ndischer Studierender<\/strong> (RAS) w\u00e4hlen.<\/p>\n<p dir=\"auto\">Wer kann gew\u00e4ht werden?\u00a0\u00a0\u00a0\u00a0\u00a0\u00a0\u00a0\u00a0\u00a0 \u00a0 \u00a0\u00a0 Alle offiziellen Kandidierenden findet ihr unter <strong>Kandidierende zur FSR-Wahl<\/strong> oder auf Instagram.<\/p>\n<p dir=\"auto\"><strong>Am 18. und 19. Juni hat von 10-16Uhr unser &#8222;Wahllokal&#8220; in der A531 (Glaskasten in der Mitte der 5. Etage) ge\u00f6ffnet. Dort k\u00f6nnt ihr euch ein Eis abholen. Also kommt gern vorbei!<\/strong><\/p>\n<p class=\"_aacl _aaco _aacu _aacx _aad7 _aade\" dir=\"auto\">Durch eine hohe Wahlbeteiligung wird die demokratische Legitimation der Vetreter*innen sichergestellt. Au\u00dferdem ist es wichtig, dass ihr an der Uni mitbestimmen k\u00f6nnt (und das auch tut). Also nutzt die Chance und w\u00e4hlt mit euren 3 Stimmen jemanden der Kandidierenden oder eine andere geeignete Person. Ihr k\u00f6nnt alle Stimmen der gleichen Person geben oder sie auf mehrere Personen aufteilen. Noch mehr Infos zur Wahl findet ihr beispielsweise auf der Webseite des StuRas.<\/p>\n","protected":false},"excerpt":{"rendered":"<p>Vom 17.-24. Juni werden im Rahmen der studentischen Wahlen wieder die Fachschaftsr\u00e4te sowie das Referat Ausl\u00e4ndischer Studierender gew\u00e4hlt. Wo?\u00a0 \u00a0 \u00a0 \u00a0 \u00a0 \u00a0 \u00a0 \u00a0 \u00a0 \u00a0 \u00a0 \u00a0 \u00a0 \u00a0 \u00a0 \u00a0 \u00a0 \u00a0 \u00a0 \u00a0 \u00a0 \u00a0 \u00a0 \u00a0 \u00a0 \u00a0 \u00a0 \u00a0Online \u00fcber die Plattform POLYAS &#8211; die Zugangsdaten und weitere &#8230; <a title=\"Wahlen\" class=\"read-more\" href=\"https:\/\/www.math.uni-leipzig.de\/fachschaft\/kandidierende\/wahlen\/\" aria-label=\"Mehr Informationen \u00fcber Wahlen\">Weiterlesen<\/a><\/p>\n","protected":false},"author":1660,"featured_media":0,"parent":3118,"menu_order":0,"comment_status":"closed","ping_status":"closed","template":"","meta":{"footnotes":""},"class_list":["post-1971","page","type-page","status-publish"],"_links":{"self":[{"href":"https:\/\/www.math.uni-leipzig.de\/fachschaft\/wp-json\/wp\/v2\/pages\/1971","targetHints":{"allow":["GET"]}}],"collection":[{"href":"https:\/\/www.math.uni-leipzig.de\/fachschaft\/wp-json\/wp\/v2\/pages"}],"about":[{"href":"https:\/\/www.math.uni-leipzig.de\/fachschaft\/wp-json\/wp\/v2\/types\/page"}],"author":[{"embeddable":true,"href":"https:\/\/www.math.uni-leipzig.de\/fachschaft\/wp-json\/wp\/v2\/users\/1660"}],"replies":[{"embeddable":true,"href":"https:\/\/www.math.uni-leipzig.de\/fachschaft\/wp-json\/wp\/v2\/comments?post=1971"}],"version-history":[{"count":17,"href":"https:\/\/www.math.uni-leipzig.de\/fachschaft\/wp-json\/wp\/v2\/pages\/1971\/revisions"}],"predecessor-version":[{"id":3910,"href":"https:\/\/www.math.uni-leipzig.de\/fachschaft\/wp-json\/wp\/v2\/pages\/1971\/revisions\/3910"}],"up":[{"embeddable":true,"href":"https:\/\/www.math.uni-leipzig.de\/fachschaft\/wp-json\/wp\/v2\/pages\/3118"}],"wp:attachment":[{"href":"https:\/\/www.math.uni-leipzig.de\/fachschaft\/wp-json\/wp\/v2\/media?parent=1971"}],"curies":[{"name":"wp","href":"https:\/\/api.w.org\/{rel}","templated":true}]}}